{"id":364,"date":"2018-05-24T15:39:09","date_gmt":"2018-05-24T15:39:09","guid":{"rendered":"http:\/\/mariacarolinazubrinic.de\/?page_id=364"},"modified":"2020-07-07T06:29:47","modified_gmt":"2020-07-07T06:29:47","slug":"profil","status":"publish","type":"page","link":"https:\/\/mariacarolinazubrinic.de\/?page_id=364","title":{"rendered":""},"content":{"rendered":"\n<div style=\"height:38px\" aria-hidden=\"true\" class=\"wp-block-spacer\"><\/div>\n\n\n\n<div class=\"wp-block-media-text alignfull is-vertically-aligned-center\" style=\"grid-template-columns:49% auto\"><figure class=\"wp-block-media-text__media\"><img loading=\"lazy\" width=\"983\" height=\"1024\" src=\"http:\/\/mariacarolinazubrinic.de\/wp-content\/uploads\/BVM8946-983x1024.jpg\" alt=\"\" class=\"wp-image-1530\"\/><\/figure><div class=\"wp-block-media-text__content\">\n<p style=\"font-size:36px;text-align:center\" class=\"has-text-color has-black-color\">Zerbrechlich ist eine Idee, wenn sie entsteht. Sie ist wie ein Hauch von Etwas, das ich nicht einmal beschreiben kann. Leidenschaftlich und unbeirrt suche ich nach ihr. Es kommt aber der \u00fcberraschende  Moment&#8230;Da ist sie! Die alte Unbekannte in ihrer neuen Kleidung.  <\/p>\n\n\n\n<p><\/p>\n<\/div><\/div>\n\n\n\n<div class=\"wp-block-columns alignwide has-2-columns\">\n<div class=\"wp-block-column\">\n<p>Als Master of Arts f\u00fcr Bildende Kunst und gelernte Grafik Designerin bin ich durch meinen offenen Blick gepr\u00e4gt und gebe mir die Freiheit zu spielen und auszuprobieren, bis meine Ideen Gestalt bekommen haben. Mit dieser ungew\u00f6hnlichen Arbeitsmethode und unz\u00e4hligen Skizzen sprudeln Ideen, die sich dann verfeinern und vertiefen.<\/p>\n\n\n\n<h6>Mein Schwerpunkt ist die Illustration:<\/h6>\n\n\n\n<blockquote class=\"wp-block-quote\"><p>Ich liebe es, Logos zu gestalten!<\/p><\/blockquote>\n\n\n\n<blockquote class=\"wp-block-quote\"><p>Ich liebe es, B\u00fccher zu illustrieren!<\/p><\/blockquote>\n\n\n\n<blockquote class=\"wp-block-quote\"><p>Ich liebe es zu beobachten, wie die Illustration alle Bereiche des Grafikdesigns erobert!<\/p><\/blockquote>\n\n\n\n<p><\/p>\n<\/div>\n\n\n\n<div class=\"wp-block-column\">\n<p>Aus Buenos Aires bringe ich neben meiner starken Empathie und meinem Improvisationsverm\u00f6gen, Poesie und Metaphern mit. Minimalismus und Reduktion habe ich in Berlin kennengelernt. Diese Kombination verleiht meinen Illustrationen Originalit\u00e4t.<\/p>\n\n\n\n<p>Mit dem Erwerb der &#8222;Adobe-Fl\u00fcgel&#8220; wurde meine gestalterische Entwicklung kreativ beschleunigt. Meine im Kunststudium erworbenen fundierten Gestaltungsgrundlagen bereichern wiederum die Arbeit in digitalen Medien. Mein Lieblingswerkzeug ist aber nach wie vor der Bleistift.<\/p>\n<\/div>\n<\/div>\n\n\n\n<h2><\/h2>\n\n\n\n<pre class=\"wp-block-verse\">Ha, ha, Du muss nach Berlin, nach Berlin!<\/pre>\n\n\n\n<p>Ich lebe seit 20 Jahren in Berlin. Was einst der kurze Name einer fernen Stadt war, wohin wir, spielende Kinder, uns gegenseitig beim Verlieren zur Strafe hingeschickt haben, ist nun meine Lieblingsstadt geworden. Und obwohl ich nicht John F. Kennedy hei\u00dfe, war ich sehr stolz, als ein Berliner Freund neulich zu mir sagte: &#8222;Carolina, Du bist eine echte Berlinerin!&#8220; Ein Grund, um mein 20. Jubil\u00e4um in diesem Jahr zu feiern!<\/p>\n\n\n\n<div class=\"wp-block-columns alignwide has-3-columns\">\n<div class=\"wp-block-column\">\n<p><\/p>\n<\/div>\n\n\n\n<div class=\"wp-block-column\"><\/div>\n\n\n\n<div class=\"wp-block-column\">\n<p style=\"text-align:center\"><strong>Maria Carolina Zubrinic<\/strong><\/p>\n<\/div>\n<\/div>\n","protected":false},"excerpt":{"rendered":"<p>Zerbrechlich ist eine Idee, wenn sie entsteht. Sie ist wie ein Hauch von Etwas, das ich nicht einmal beschreiben kann. Leidenschaftlich und unbeirrt suche ich nach ihr. Es kommt aber der \u00fcberraschende Moment&#8230;Da ist sie! Die alte Unbekannte in ihrer neuen Kleidung. Als Master of Arts f\u00fcr Bildende Kunst und gelernte Grafik Designerin bin ich [&hellip;]<\/p>\n","protected":false},"author":1,"featured_media":0,"parent":0,"menu_order":5,"comment_status":"closed","ping_status":"closed","template":"","meta":[],"_links":{"self":[{"href":"https:\/\/mariacarolinazubrinic.de\/index.php?rest_route=\/wp\/v2\/pages\/364"}],"collection":[{"href":"https:\/\/mariacarolinazubrinic.de\/index.php?rest_route=\/wp\/v2\/pages"}],"about":[{"href":"https:\/\/mariacarolinazubrinic.de\/index.php?rest_route=\/wp\/v2\/types\/page"}],"author":[{"embeddable":true,"href":"https:\/\/mariacarolinazubrinic.de\/index.php?rest_route=\/wp\/v2\/users\/1"}],"replies":[{"embeddable":true,"href":"https:\/\/mariacarolinazubrinic.de\/index.php?rest_route=%2Fwp%2Fv2%2Fcomments&post=364"}],"version-history":[{"count":40,"href":"https:\/\/mariacarolinazubrinic.de\/index.php?rest_route=\/wp\/v2\/pages\/364\/revisions"}],"predecessor-version":[{"id":2910,"href":"https:\/\/mariacarolinazubrinic.de\/index.php?rest_route=\/wp\/v2\/pages\/364\/revisions\/2910"}],"wp:attachment":[{"href":"https:\/\/mariacarolinazubrinic.de\/index.php?rest_route=%2Fwp%2Fv2%2Fmedia&parent=364"}],"curies":[{"name":"wp","href":"https:\/\/api.w.org\/{rel}","templated":true}]}}